{"id":46,"date":"2023-04-11T18:11:52","date_gmt":"2023-04-11T16:11:52","guid":{"rendered":"https:\/\/ambasciatapraga.esteri.it\/?page_id=46"},"modified":"2024-01-14T16:00:43","modified_gmt":"2024-01-14T13:00:43","slug":"cooperazione-allo-sviluppo","status":"publish","type":"page","link":"https:\/\/ambmogadiscio.esteri.it\/it\/italia-e-somalia\/cooperazione-allo-sviluppo\/","title":{"rendered":"Cooperazione allo sviluppo"},"content":{"rendered":"<p>La Somalia rientra nei Paesi prioritari per la Cooperazione Italiana.<\/p>\n<p>Le iniziative pluriennali finanziate dalla Cooperazione Italiana in Somalia, attraverso l\u2019Agenzia italiana per la Cooperazione allo sviluppo (AICS), riguardano molteplici settori, con l\u2019impegno di favorire il nesso tra risposta umanitaria e sviluppo, tenendo conto delle Linee Guida della Cooperazione Italiana, nonch\u00e9 delle strategie di risposta alle emergenze e dei piani di sviluppo della Somalia. L\u2019impegno italiano ha saputo ricavarsi un ampio e attivo ruolo all\u2019interno della Comunit\u00e0 internazionale in Somalia e costruire solide relazioni con gli attori locali.<\/p>\n<p>Il recente ingresso da parte della Somalia nel <a href=\"https:\/\/www.imf.org\/en\/News\/Articles\/2023\/12\/13\/pr23438-imf-and-world-bank-announce-us-4-5-billion-in-debt-relief-for-somalia\"><em>Heavily Indebted Poor Countries (HIPC) Initiative<\/em><\/a> della Banca mondiale e del Fondo monetario internazionale, ha aperto nuove prospettive per lo sviluppo del Paese, rafforzando l\u2019impegno della Cooperazione italiana nell\u2019orientarsi maggiormente verso il supporto in aree chiave quali le infrastrutture strategiche per la ricostruzione del Paese e lo sviluppo economico, il rafforzamento delle istituzioni, all\u2019agricoltura, la pesca e l\u2019allevamento, lo sviluppo del settore privato. Particolare impegno \u00e8 inoltre profuso nel processo di stabilizzazione, a diretto supporto del Governo federale della Somalia per l\u2019immediata risposta ai bisogni essenziali della popolazione in aree di nuova liberazione.<\/p>\n<p>A causa delle difficolt\u00e0 a realizzare direttamente le attivit\u00e0 di progetto in territorio somalo per motivi di sicurezza, nel corso degli anni si \u00e8 fatto principalmente affidamento a partenariati multilaterali e progetti finanziati bilateralmente con il coinvolgimento di organizzazioni delle Nazioni Unite e istituzioni finanziarie internazionali, promuovendo, quando possibile, la collaborazione con OSC e Universit\u00e0 italiane.<\/p>\n<p>Tuttavia, il recente impegno della Somalia a prendere le redini del proprio sviluppo e della stabilizzazione delle aree di recente liberazione, congiuntamente alla <em>HIPC Initiative<\/em>, aprono nuove prospettive per una collaborazione e un coinvolgimento pi\u00f9 diretto e pi\u00f9 stretto con la Somalia, a beneficio di uno sviluppo pi\u00f9 equo e sostenibile.<\/p>\n","protected":false},"excerpt":{"rendered":"La Somalia rientra nei Paesi prioritari per la Cooperazione Italiana. Le iniziative pluriennali finanziate dalla Cooperazione Italiana in Somalia, attraverso l\u2019Agenzia italiana per la Cooperazione allo sviluppo (AICS), riguardano molteplici settori, con l\u2019impegno di favorire il nesso tra risposta umanitaria e sviluppo, tenendo conto delle Linee Guida della Cooperazione Italiana, nonch\u00e9 delle strategie di risposta [&hellip;]","protected":false},"author":1,"featured_media":0,"parent":14,"menu_order":6,"comment_status":"closed","ping_status":"closed","template":"","meta":{"footnotes":""},"class_list":["post-46","page","type-page","status-publish","hentry"],"_links":{"self":[{"href":"https:\/\/ambmogadiscio.esteri.it\/it\/wp-json\/wp\/v2\/pages\/46","targetHints":{"allow":["GET"]}}],"collection":[{"href":"https:\/\/ambmogadiscio.esteri.it\/it\/wp-json\/wp\/v2\/pages"}],"about":[{"href":"https:\/\/ambmogadiscio.esteri.it\/it\/wp-json\/wp\/v2\/types\/page"}],"author":[{"embeddable":true,"href":"https:\/\/ambmogadiscio.esteri.it\/it\/wp-json\/wp\/v2\/users\/1"}],"replies":[{"embeddable":true,"href":"https:\/\/ambmogadiscio.esteri.it\/it\/wp-json\/wp\/v2\/comments?post=46"}],"version-history":[{"count":6,"href":"https:\/\/ambmogadiscio.esteri.it\/it\/wp-json\/wp\/v2\/pages\/46\/revisions"}],"predecessor-version":[{"id":994,"href":"https:\/\/ambmogadiscio.esteri.it\/it\/wp-json\/wp\/v2\/pages\/46\/revisions\/994"}],"up":[{"embeddable":true,"href":"https:\/\/ambmogadiscio.esteri.it\/it\/wp-json\/wp\/v2\/pages\/14"}],"wp:attachment":[{"href":"https:\/\/ambmogadiscio.esteri.it\/it\/wp-json\/wp\/v2\/media?parent=46"}],"curies":[{"name":"wp","href":"https:\/\/api.w.org\/{rel}","templated":true}]}}