{"id":2297,"date":"2025-05-03T16:40:06","date_gmt":"2025-05-03T13:40:06","guid":{"rendered":"https:\/\/ambmogadiscio.esteri.it\/?page_id=2297"},"modified":"2025-05-04T10:56:26","modified_gmt":"2025-05-04T07:56:26","slug":"studi","status":"publish","type":"page","link":"https:\/\/ambmogadiscio.esteri.it\/it\/servizi-consolari-e-visti\/servizi-per-il-cittadino-straniero\/studi\/","title":{"rendered":"Studi"},"content":{"rendered":"<p>L\u2019internazionalizzazione del sistema italiano della formazione superiore \u00e8 un obiettivo prioritario di diplomazia pubblica e culturale del Ministero degli Affari Esteri e della Cooperazione Internazionale (MAECI). Essa \u00e8 infatti una leva per lo sviluppo culturale ed economico del nostro Paese e un efficace strumento di politica estera.<\/p>\n<p>L\u2019attrazione di studenti internazionali nelle istituzioni italiane della formazione superiore \u00e8 un obiettivo a cui il MAECI lavora di concerto con il Ministero dell&#8217;Universit\u00e0 e della Ricerca, la Conferenza dei Rettori delle Universit\u00e0 italiane ed altri attori di rilievo nel settore accademico. Per agevolare la mobilit\u00e0 studentesca, il MAECI eroga annualmente borse di studio per studenti stranieri\u00a0e, attraverso la rete diplomatico-consolare,\u00a0rilascia\u00a0visti per studio e\u00a0legalizzazioni dei titoli di studio.<\/p>\n","protected":false},"excerpt":{"rendered":"L\u2019internazionalizzazione del sistema italiano della formazione superiore \u00e8 un obiettivo prioritario di diplomazia pubblica e culturale del Ministero degli Affari Esteri e della Cooperazione Internazionale (MAECI). Essa \u00e8 infatti una leva per lo sviluppo culturale ed economico del nostro Paese e un efficace strumento di politica estera. L\u2019attrazione di studenti internazionali nelle istituzioni italiane della [&hellip;]","protected":false},"author":10,"featured_media":0,"parent":48,"menu_order":0,"comment_status":"closed","ping_status":"closed","template":"","meta":{"footnotes":""},"class_list":["post-2297","page","type-page","status-publish","hentry"],"_links":{"self":[{"href":"https:\/\/ambmogadiscio.esteri.it\/it\/wp-json\/wp\/v2\/pages\/2297","targetHints":{"allow":["GET"]}}],"collection":[{"href":"https:\/\/ambmogadiscio.esteri.it\/it\/wp-json\/wp\/v2\/pages"}],"about":[{"href":"https:\/\/ambmogadiscio.esteri.it\/it\/wp-json\/wp\/v2\/types\/page"}],"author":[{"embeddable":true,"href":"https:\/\/ambmogadiscio.esteri.it\/it\/wp-json\/wp\/v2\/users\/10"}],"replies":[{"embeddable":true,"href":"https:\/\/ambmogadiscio.esteri.it\/it\/wp-json\/wp\/v2\/comments?post=2297"}],"version-history":[{"count":3,"href":"https:\/\/ambmogadiscio.esteri.it\/it\/wp-json\/wp\/v2\/pages\/2297\/revisions"}],"predecessor-version":[{"id":2301,"href":"https:\/\/ambmogadiscio.esteri.it\/it\/wp-json\/wp\/v2\/pages\/2297\/revisions\/2301"}],"up":[{"embeddable":true,"href":"https:\/\/ambmogadiscio.esteri.it\/it\/wp-json\/wp\/v2\/pages\/48"}],"wp:attachment":[{"href":"https:\/\/ambmogadiscio.esteri.it\/it\/wp-json\/wp\/v2\/media?parent=2297"}],"curies":[{"name":"wp","href":"https:\/\/api.w.org\/{rel}","templated":true}]}}